{"id":1188,"date":"2026-02-16T13:46:18","date_gmt":"2026-02-16T12:46:18","guid":{"rendered":"https:\/\/lamaisonbleue.info\/?page_id=1188"},"modified":"2026-04-01T17:00:55","modified_gmt":"2026-04-01T15:00:55","slug":"mentions-legales","status":"publish","type":"page","link":"https:\/\/lamaisonbleue.info\/en\/mentions-legales\/","title":{"rendered":"Mentions l\u00e9gales"},"content":{"rendered":"<div data-elementor-type=\"wp-page\" data-elementor-id=\"1188\" class=\"elementor elementor-1188\">\n\t\t\t\t<div class=\"elementor-element elementor-element-66a38566 e-flex e-con-boxed e-con e-parent\" data-id=\"66a38566\" data-element_type=\"container\" data-e-type=\"container\">\n\t\t\t\t\t<div class=\"e-con-inner\">\n\t\t\t\t<div class=\"elementor-element elementor-element-6d07d924 elementor-widget elementor-widget-text-editor\" data-id=\"6d07d924\" data-element_type=\"widget\" data-e-type=\"widget\" data-widget_type=\"text-editor.default\">\n\t\t\t\t\t\t\t\t\t\t\t\t\t\t\t\t\t<\/div>\n\t\t\t\t\t<\/div>\n\t\t\t\t<\/div>\n\t\t<div class=\"elementor-element elementor-element-44f10fb e-flex e-con-boxed e-con e-parent\" data-id=\"44f10fb\" data-element_type=\"container\" data-e-type=\"container\">\n\t\t\t\t\t<div class=\"e-con-inner\">\n\t\t\t\t<div class=\"elementor-element elementor-element-9d9cff7 elementor-widget elementor-widget-html\" data-id=\"9d9cff7\" data-element_type=\"widget\" data-e-type=\"widget\" data-widget_type=\"html.default\">\n\t\t\t\t\t<style>\r\n  .ml-wrapper {\r\n    font-family: 'Georgia', serif;\r\n    color: #2d2d2d;\r\n    max-width: 860px;\r\n    margin: 0 auto;\r\n    line-height: 1.75;\r\n  }\r\n  .ml-header {\r\n    text-align: center;\r\n    border-bottom: 3px solid #3a6b9e;\r\n    padding-bottom: 24px;\r\n    margin-bottom: 40px;\r\n  }\r\n  .ml-header h1 {\r\n    font-family: 'Georgia', serif;\r\n    font-size: 1.8em;\r\n    color: #3a6b9e;\r\n    letter-spacing: 0.04em;\r\n    margin: 0 0 6px 0;\r\n    text-transform: uppercase;\r\n  }\r\n  .ml-header .sous-titre {\r\n    font-size: 0.9em;\r\n    color: #888;\r\n    margin: 0;\r\n  }\r\n  .ml-article {\r\n    margin-bottom: 32px;\r\n  }\r\n  .ml-article h2 {\r\n    font-family: 'Georgia', serif;\r\n    font-size: 1.1em;\r\n    color: #ffffff;\r\n    background-color: #3a6b9e;\r\n    padding: 10px 16px;\r\n    margin: 0 0 14px 0;\r\n    border-radius: 4px;\r\n    text-transform: uppercase;\r\n    letter-spacing: 0.05em;\r\n  }\r\n  .ml-article p {\r\n    margin: 0 0 8px 0;\r\n    font-size: 0.95em;\r\n    text-align: justify;\r\n  }\r\n  .ml-table {\r\n    width: 100%;\r\n    border-collapse: collapse;\r\n    margin: 8px 0;\r\n    font-size: 0.95em;\r\n  }\r\n  .ml-table td {\r\n    padding: 9px 12px;\r\n    border-bottom: 1px solid #ddd;\r\n    vertical-align: top;\r\n  }\r\n  .ml-table .label-cell {\r\n    font-weight: bold;\r\n    color: #3a6b9e;\r\n    width: 38%;\r\n    background-color: #eaf2fb;\r\n  }\r\n  .ml-table tr:last-child td {\r\n    border-bottom: none;\r\n  }\r\n  .ml-article a {\r\n    color: #3a6b9e;\r\n    text-decoration: none;\r\n  }\r\n  .ml-article a:hover {\r\n    text-decoration: underline;\r\n  }\r\n<\/style>\r\n\r\n<div class=\"ml-wrapper\">\r\n\r\n  <!-- EN-T\u00caTE -->\r\n  <div class=\"ml-header\">\r\n    <h1>Mentions L\u00e9gales<\/h1>\r\n\r\n  <\/div>\r\n\r\n  <!-- ARTICLE 1 \u2014 \u00c9DITEUR DU SITE -->\r\n  <div class=\"ml-article\">\r\n    <h2>Article 1 \u2014 \u00c9diteur du site<\/h2>\r\n    <table class=\"ml-table\">\r\n      <tr><td class=\"label-cell\">Raison sociale<\/td><td>SCI BERARD-MONTJOUVENT<\/td><\/tr>\r\n      <tr><td class=\"label-cell\">Num\u00e9ro SIRET<\/td><td>824 928 535<\/td><\/tr>\r\n      <tr><td class=\"label-cell\">Si\u00e8ge social<\/td><td> rue Voltaire \u2014 83150 BANDOL<\/td><\/tr>\r\n      <tr><td class=\"label-cell\">E-mail<\/td><td><a href=\"mailto:berard.montjouvent@gmail.com\">berard.montjouvent@gmail.com<\/a><\/td><\/tr>\r\n      <tr><td class=\"label-cell\">T\u00e9l\u00e9phone<\/td><td><a href=\"tel:+33695473812\">06 95 47 38 12<\/a><\/td><\/tr>\r\n    <\/table>\r\n  <\/div>\r\n\r\n  <!-- ARTICLE 2 \u2014 CONCEPTION ET R\u00c9ALISATION -->\r\n  <div class=\"ml-article\">\r\n    <h2>Article 2 \u2014 Conception et r\u00e9alisation<\/h2>\r\n    <table class=\"ml-table\">\r\n      <tr><td class=\"label-cell\">Cr\u00e9ation initiale (2022)<\/td><td>Iccom<\/td><\/tr>\r\n      <tr><td class=\"label-cell\">Refonte et optimisation<\/td><td>Fanet  \u2014 <a href=\"https:\/\/www.fanet-creation.fr\" target=\"_blank\" rel=\"noopener\">www.fanet-creation.fr<\/a><\/td><\/tr>\r\n    <\/table>\r\n  <\/div>\r\n\r\n  <!-- ARTICLE 3 \u2014 H\u00c9BERGEMENT -->\r\n  <div class=\"ml-article\">\r\n    <h2>Article 3 \u2014 H\u00e9bergement<\/h2>\r\n    <table class=\"ml-table\">\r\n      <tr><td class=\"label-cell\">H\u00e9bergeur<\/td><td>OVH SAS<\/td><\/tr>\r\n      <tr><td class=\"label-cell\">Si\u00e8ge social<\/td><td>2 rue Kellermann \u2014 59100 ROUBAIX \u2014 France<\/td><\/tr>\r\n      <tr><td class=\"label-cell\">Site<\/td><td><a href=\"https:\/\/www.ovhcloud.com\" target=\"_blank\" rel=\"noopener\">www.ovhcloud.com<\/a><\/td><\/tr>\r\n    <\/table>\r\n  <\/div>\r\n\r\n  <!-- ARTICLE 4 \u2014 PROPRI\u00c9T\u00c9 INTELLECTUELLE -->\r\n  <div class=\"ml-article\">\r\n    <h2>Article 4 \u2014 Propri\u00e9t\u00e9 intellectuelle<\/h2>\r\n    <p>L'ensemble des contenus pr\u00e9sents sur ce site (textes, photographies, visuels) est la propri\u00e9t\u00e9 exclusive de la SCI BERARD-MONTJOUVENT ou de ses auteurs respectifs. Toute reproduction, m\u00eame partielle, est interdite sans autorisation pr\u00e9alable \u00e9crite.<\/p>\r\n  <\/div>\r\n\r\n  <!-- ARTICLE 5 \u2014 DONN\u00c9ES PERSONNELLES -->\r\n  <div class=\"ml-article\">\r\n    <h2>Article 5 \u2014 Donn\u00e9es personnelles<\/h2>\r\n    <p>Ce site ne collecte pas de donn\u00e9es personnelles \u00e0 caract\u00e8re automatis\u00e9. Les informations transmises via le formulaire de contact ou par e-mail sont utilis\u00e9es uniquement dans le cadre de la gestion des demandes de location et ne sont pas c\u00e9d\u00e9es \u00e0 des tiers.<\/p>\r\n    <p>Conform\u00e9ment au R\u00e8glement G\u00e9n\u00e9ral sur la Protection des Donn\u00e9es (RGPD), vous disposez d'un droit d'acc\u00e8s, de rectification et de suppression de vos donn\u00e9es en contactant : <a href=\"mailto:berard.montjouvent@gmail.com\">berard.montjouvent@gmail.com<\/a><\/p>\r\n  <\/div>\r\n\r\n<\/div>\r\n<!-- FIN DES MENTIONS L\u00c9GALES -->\t\t\t\t<\/div>\n\t\t\t\t\t<\/div>\n\t\t\t\t<\/div>\n\t\t<div class=\"elementor-element elementor-element-eeb95e3 e-flex e-con-boxed e-con e-parent\" data-id=\"eeb95e3\" data-element_type=\"container\" data-e-type=\"container\">\n\t\t\t\t\t<div class=\"e-con-inner\">\n\t\t\t\t<div class=\"elementor-element elementor-element-7280ac2 elementor-widget elementor-widget-text-editor\" data-id=\"7280ac2\" data-element_type=\"widget\" data-e-type=\"widget\" data-widget_type=\"text-editor.default\">\n\t\t\t\t\t\t\t\t\t<p>\u27a1\ufe0f<a href=\"https:\/\/lamaisonbleue.info\/en\/\"> Revenir \u00e0 l&rsquo;accueil<\/a><\/p>\t\t\t\t\t\t\t\t<\/div>\n\t\t\t\t\t<\/div>\n\t\t\t\t<\/div>\n\t\t\t\t<\/div>","protected":false},"excerpt":{"rendered":"<p>Mentions L\u00e9gales Article 1 \u2014 \u00c9diteur du site Raison sociale SCI BERARD-MONTJOUVENT Num\u00e9ro SIRET 824 928 535 Si\u00e8ge social rue Voltaire \u2014 83150 BANDOL E-mail berard.montjouvent@gmail.com T\u00e9l\u00e9phone 06 95 47 38 12 Article 2 \u2014 Conception et r\u00e9alisation Cr\u00e9ation initiale (2022) Iccom Refonte et optimisation Fanet \u2014 www.fanet-creation.fr Article 3 \u2014 H\u00e9bergement H\u00e9bergeur OVH SAS [&hellip;]<\/p>\n","protected":false},"author":2,"featured_media":0,"parent":0,"menu_order":0,"comment_status":"closed","ping_status":"closed","template":"elementor_canvas","meta":{"footnotes":""},"folder":[11],"class_list":["post-1188","page","type-page","status-publish","hentry"],"yoast_head":"<!-- This site is optimized with the Yoast SEO plugin v27.0 - https:\/\/yoast.com\/product\/yoast-seo-wordpress\/ -->\n<title>Mentions l\u00e9gales - La Maison Bleue<\/title>\n<meta name=\"robots\" content=\"index, follow, max-snippet:-1, max-image-preview:large, max-video-preview:-1\" \/>\n<link rel=\"canonical\" href=\"https:\/\/lamaisonbleue.info\/en\/mentions-legales\/\" \/>\n<meta property=\"og:locale\" content=\"en_US\" \/>\n<meta property=\"og:type\" content=\"article\" \/>\n<meta property=\"og:title\" content=\"Mentions l\u00e9gales - La Maison Bleue\" \/>\n<meta property=\"og:description\" content=\"Mentions L\u00e9gales Article 1 \u2014 \u00c9diteur du site Raison sociale SCI BERARD-MONTJOUVENT Num\u00e9ro SIRET 824 928 535 Si\u00e8ge social rue Voltaire \u2014 83150 BANDOL E-mail berard.montjouvent@gmail.com T\u00e9l\u00e9phone 06 95 47 38 12 Article 2 \u2014 Conception et r\u00e9alisation Cr\u00e9ation initiale (2022) Iccom Refonte et optimisation Fanet \u2014 www.fanet-creation.fr Article 3 \u2014 H\u00e9bergement H\u00e9bergeur OVH SAS [&hellip;]\" \/>\n<meta property=\"og:url\" content=\"https:\/\/lamaisonbleue.info\/en\/mentions-legales\/\" \/>\n<meta property=\"og:site_name\" content=\"La Maison Bleue\" \/>\n<meta property=\"article:modified_time\" content=\"2026-04-01T15:00:55+00:00\" \/>\n<meta name=\"twitter:card\" content=\"summary_large_image\" \/>\n<meta name=\"twitter:label1\" content=\"Est. reading time\" \/>\n\t<meta name=\"twitter:data1\" content=\"2 minutes\" \/>\n<script type=\"application\/ld+json\" class=\"yoast-schema-graph\">{\"@context\":\"https:\/\/schema.org\",\"@graph\":[{\"@type\":\"WebPage\",\"@id\":\"https:\/\/lamaisonbleue.info\/mentions-legales\/\",\"url\":\"https:\/\/lamaisonbleue.info\/mentions-legales\/\",\"name\":\"Mentions l\u00e9gales - La Maison Bleue\",\"isPartOf\":{\"@id\":\"https:\/\/lamaisonbleue.info\/#website\"},\"datePublished\":\"2026-02-16T12:46:18+00:00\",\"dateModified\":\"2026-04-01T15:00:55+00:00\",\"breadcrumb\":{\"@id\":\"https:\/\/lamaisonbleue.info\/mentions-legales\/#breadcrumb\"},\"inLanguage\":\"en-US\",\"potentialAction\":[{\"@type\":\"ReadAction\",\"target\":[\"https:\/\/lamaisonbleue.info\/mentions-legales\/\"]}]},{\"@type\":\"BreadcrumbList\",\"@id\":\"https:\/\/lamaisonbleue.info\/mentions-legales\/#breadcrumb\",\"itemListElement\":[{\"@type\":\"ListItem\",\"position\":1,\"name\":\"Accueil\",\"item\":\"https:\/\/lamaisonbleue.info\/\"},{\"@type\":\"ListItem\",\"position\":2,\"name\":\"Mentions l\u00e9gales\"}]},{\"@type\":\"WebSite\",\"@id\":\"https:\/\/lamaisonbleue.info\/#website\",\"url\":\"https:\/\/lamaisonbleue.info\/\",\"name\":\"La Maison Bleue\",\"description\":\"Location saisonni\u00e8re dans le Jura\",\"publisher\":{\"@id\":\"https:\/\/lamaisonbleue.info\/#organization\"},\"potentialAction\":[{\"@type\":\"SearchAction\",\"target\":{\"@type\":\"EntryPoint\",\"urlTemplate\":\"https:\/\/lamaisonbleue.info\/?s={search_term_string}\"},\"query-input\":{\"@type\":\"PropertyValueSpecification\",\"valueRequired\":true,\"valueName\":\"search_term_string\"}}],\"inLanguage\":\"en-US\"},{\"@type\":\"Organization\",\"@id\":\"https:\/\/lamaisonbleue.info\/#organization\",\"name\":\"La Maison Bleue\",\"url\":\"https:\/\/lamaisonbleue.info\/\",\"logo\":{\"@type\":\"ImageObject\",\"inLanguage\":\"en-US\",\"@id\":\"https:\/\/lamaisonbleue.info\/#\/schema\/logo\/image\/\",\"url\":\"https:\/\/lamaisonbleue.info\/wp-content\/uploads\/2022\/07\/cropped-maison-.png\",\"contentUrl\":\"https:\/\/lamaisonbleue.info\/wp-content\/uploads\/2022\/07\/cropped-maison-.png\",\"width\":512,\"height\":512,\"caption\":\"La Maison Bleue\"},\"image\":{\"@id\":\"https:\/\/lamaisonbleue.info\/#\/schema\/logo\/image\/\"}}]}<\/script>\n<!-- \/ Yoast SEO plugin. -->","yoast_head_json":{"title":"Mentions l\u00e9gales - La Maison Bleue","robots":{"index":"index","follow":"follow","max-snippet":"max-snippet:-1","max-image-preview":"max-image-preview:large","max-video-preview":"max-video-preview:-1"},"canonical":"https:\/\/lamaisonbleue.info\/en\/mentions-legales\/","og_locale":"en_US","og_type":"article","og_title":"Mentions l\u00e9gales - La Maison Bleue","og_description":"Mentions L\u00e9gales Article 1 \u2014 \u00c9diteur du site Raison sociale SCI BERARD-MONTJOUVENT Num\u00e9ro SIRET 824 928 535 Si\u00e8ge social rue Voltaire \u2014 83150 BANDOL E-mail berard.montjouvent@gmail.com T\u00e9l\u00e9phone 06 95 47 38 12 Article 2 \u2014 Conception et r\u00e9alisation Cr\u00e9ation initiale (2022) Iccom Refonte et optimisation Fanet \u2014 www.fanet-creation.fr Article 3 \u2014 H\u00e9bergement H\u00e9bergeur OVH SAS [&hellip;]","og_url":"https:\/\/lamaisonbleue.info\/en\/mentions-legales\/","og_site_name":"La Maison Bleue","article_modified_time":"2026-04-01T15:00:55+00:00","twitter_card":"summary_large_image","twitter_misc":{"Est. reading time":"2 minutes"},"schema":{"@context":"https:\/\/schema.org","@graph":[{"@type":"WebPage","@id":"https:\/\/lamaisonbleue.info\/mentions-legales\/","url":"https:\/\/lamaisonbleue.info\/mentions-legales\/","name":"Mentions l\u00e9gales - La Maison Bleue","isPartOf":{"@id":"https:\/\/lamaisonbleue.info\/#website"},"datePublished":"2026-02-16T12:46:18+00:00","dateModified":"2026-04-01T15:00:55+00:00","breadcrumb":{"@id":"https:\/\/lamaisonbleue.info\/mentions-legales\/#breadcrumb"},"inLanguage":"en-US","potentialAction":[{"@type":"ReadAction","target":["https:\/\/lamaisonbleue.info\/mentions-legales\/"]}]},{"@type":"BreadcrumbList","@id":"https:\/\/lamaisonbleue.info\/mentions-legales\/#breadcrumb","itemListElement":[{"@type":"ListItem","position":1,"name":"Accueil","item":"https:\/\/lamaisonbleue.info\/"},{"@type":"ListItem","position":2,"name":"Mentions l\u00e9gales"}]},{"@type":"WebSite","@id":"https:\/\/lamaisonbleue.info\/#website","url":"https:\/\/lamaisonbleue.info\/","name":"The Blue House","description":"Location saisonni\u00e8re dans le Jura","publisher":{"@id":"https:\/\/lamaisonbleue.info\/#organization"},"potentialAction":[{"@type":"SearchAction","target":{"@type":"EntryPoint","urlTemplate":"https:\/\/lamaisonbleue.info\/?s={search_term_string}"},"query-input":{"@type":"PropertyValueSpecification","valueRequired":true,"valueName":"search_term_string"}}],"inLanguage":"en-US"},{"@type":"Organization","@id":"https:\/\/lamaisonbleue.info\/#organization","name":"The Blue House","url":"https:\/\/lamaisonbleue.info\/","logo":{"@type":"ImageObject","inLanguage":"en-US","@id":"https:\/\/lamaisonbleue.info\/#\/schema\/logo\/image\/","url":"https:\/\/lamaisonbleue.info\/wp-content\/uploads\/2022\/07\/cropped-maison-.png","contentUrl":"https:\/\/lamaisonbleue.info\/wp-content\/uploads\/2022\/07\/cropped-maison-.png","width":512,"height":512,"caption":"La Maison Bleue"},"image":{"@id":"https:\/\/lamaisonbleue.info\/#\/schema\/logo\/image\/"}}]}},"_links":{"self":[{"href":"https:\/\/lamaisonbleue.info\/en\/wp-json\/wp\/v2\/pages\/1188","targetHints":{"allow":["GET"]}}],"collection":[{"href":"https:\/\/lamaisonbleue.info\/en\/wp-json\/wp\/v2\/pages"}],"about":[{"href":"https:\/\/lamaisonbleue.info\/en\/wp-json\/wp\/v2\/types\/page"}],"author":[{"embeddable":true,"href":"https:\/\/lamaisonbleue.info\/en\/wp-json\/wp\/v2\/users\/2"}],"replies":[{"embeddable":true,"href":"https:\/\/lamaisonbleue.info\/en\/wp-json\/wp\/v2\/comments?post=1188"}],"version-history":[{"count":11,"href":"https:\/\/lamaisonbleue.info\/en\/wp-json\/wp\/v2\/pages\/1188\/revisions"}],"predecessor-version":[{"id":2013,"href":"https:\/\/lamaisonbleue.info\/en\/wp-json\/wp\/v2\/pages\/1188\/revisions\/2013"}],"wp:attachment":[{"href":"https:\/\/lamaisonbleue.info\/en\/wp-json\/wp\/v2\/media?parent=1188"}],"wp:term":[{"taxonomy":"folder","embeddable":true,"href":"https:\/\/lamaisonbleue.info\/en\/wp-json\/wp\/v2\/folder?post=1188"}],"curies":[{"name":"wp","href":"https:\/\/api.w.org\/{rel}","templated":true}]}}